{"id":267,"date":"2025-10-27T20:05:20","date_gmt":"2025-10-27T20:05:20","guid":{"rendered":"https:\/\/prolan-care.com\/?page_id=267"},"modified":"2025-10-27T20:51:31","modified_gmt":"2025-10-27T20:51:31","slug":"certificaat-fda","status":"publish","type":"page","link":"https:\/\/prolan-care.com\/index.php\/certificaat-fda\/","title":{"rendered":"Certificaat FDA"},"content":{"rendered":"\t\t<div data-elementor-type=\"wp-page\" data-elementor-id=\"267\" class=\"elementor elementor-267\" data-elementor-post-type=\"page\">\n\t\t\t\t<div class=\"elementor-element elementor-element-5961b4d e-con-full e-flex e-con e-parent\" data-id=\"5961b4d\" data-element_type=\"container\">\n\t\t\t\t<div class=\"elementor-element elementor-element-79d3636 elementor-widget-divider--view-line elementor-widget elementor-widget-divider\" data-id=\"79d3636\" data-element_type=\"widget\" data-widget_type=\"divider.default\">\n\t\t\t\t\t\t\t<div class=\"elementor-divider\">\n\t\t\t<span class=\"elementor-divider-separator\">\n\t\t\t\t\t\t<\/span>\n\t\t<\/div>\n\t\t\t\t\t\t<\/div>\n\t\t\t\t<div class=\"elementor-element elementor-element-9f8c197 elementor-widget elementor-widget-heading\" data-id=\"9f8c197\" data-element_type=\"widget\" data-widget_type=\"heading.default\">\n\t\t\t\t\t<h2 class=\"elementor-heading-title elementor-size-default\">Onze Certificaten<\/h2>\t\t\t\t<\/div>\n\t\t\t\t<\/div>\n\t\t<div class=\"elementor-element elementor-element-c52c28e e-flex e-con-boxed e-con e-parent\" data-id=\"c52c28e\" data-element_type=\"container\">\n\t\t\t\t\t<div class=\"e-con-inner\">\n\t\t\t\t<div class=\"elementor-element elementor-element-3534c03 elementor-arrows-position-outside elementor-pagination-type-bullets elementor-pagination-position-outside elementor-widget elementor-widget-n-carousel\" data-id=\"3534c03\" data-element_type=\"widget\" data-settings=\"{&quot;carousel_items&quot;:[{&quot;slide_title&quot;:&quot;Slide #1&quot;,&quot;_id&quot;:&quot;6cdd715&quot;},{&quot;slide_title&quot;:&quot;Slide #1&quot;,&quot;_id&quot;:&quot;c4dbca2&quot;},{&quot;slide_title&quot;:&quot;Slide #1&quot;,&quot;_id&quot;:&quot;2adafa3&quot;},{&quot;slide_title&quot;:&quot;Slide #1&quot;,&quot;_id&quot;:&quot;11e55cc&quot;},{&quot;slide_title&quot;:&quot;Slide #1&quot;,&quot;_id&quot;:&quot;5d86d0f&quot;},{&quot;slide_title&quot;:&quot;Slide #1&quot;,&quot;_id&quot;:&quot;bdc31ba&quot;}],&quot;slides_to_show&quot;:&quot;4&quot;,&quot;slides_to_show_tablet&quot;:&quot;2&quot;,&quot;slides_to_show_mobile&quot;:&quot;1&quot;,&quot;autoplay&quot;:&quot;yes&quot;,&quot;autoplay_speed&quot;:5000,&quot;pause_on_hover&quot;:&quot;yes&quot;,&quot;pause_on_interaction&quot;:&quot;yes&quot;,&quot;infinite&quot;:&quot;yes&quot;,&quot;speed&quot;:500,&quot;offset_sides&quot;:&quot;none&quot;,&quot;arrows&quot;:&quot;yes&quot;,&quot;pagination&quot;:&quot;bullets&quot;,&quot;image_spacing_custom&quot;:{&quot;unit&quot;:&quot;px&quot;,&quot;size&quot;:10,&quot;sizes&quot;:[]},&quot;image_spacing_custom_tablet&quot;:{&quot;unit&quot;:&quot;px&quot;,&quot;size&quot;:&quot;&quot;,&quot;sizes&quot;:[]},&quot;image_spacing_custom_mobile&quot;:{&quot;unit&quot;:&quot;px&quot;,&quot;size&quot;:&quot;&quot;,&quot;sizes&quot;:[]}}\" data-widget_type=\"nested-carousel.default\">\n\t\t\t\t\t\t\t<div class=\"e-n-carousel swiper\" role=\"region\" aria-roledescription=\"carousel\" aria-label=\"Carrousel\" dir=\"ltr\">\n\t\t\t<div class=\"swiper-wrapper\" aria-live=\"off\">\n\t\t\t\t\t\t\t\t\t\t<div class=\"swiper-slide\" data-slide=\"1\" role=\"group\" aria-roledescription=\"slide\" aria-label=\"1 van 6\">\n\t\t\t\t\t\t\t<a class=\"elementor-element elementor-element-3e78139 e-con-full e-flex e-con e-child\" data-id=\"3e78139\" data-element_type=\"container\" href=\"https:\/\/prolan-care.com\/index.php\/certificaat-bfsv\">\n\t\t\t\t<div class=\"elementor-element elementor-element-be1d176 elementor-widget elementor-widget-image\" data-id=\"be1d176\" data-element_type=\"widget\" data-widget_type=\"image.default\">\n\t\t\t\t\t\t\t\t\t\t\t\t\t\t\t<img decoding=\"async\" width=\"100\" height=\"100\" src=\"https:\/\/prolan-care.com\/wp-content\/uploads\/2025\/10\/certificaat-bfsv-100x100-1.jpg\" class=\"attachment-full size-full wp-image-150\" alt=\"\" \/>\t\t\t\t\t\t\t\t\t\t\t\t\t\t\t<\/div>\n\t\t\t\t<div class=\"elementor-element elementor-element-f93b9ef elementor-widget elementor-widget-text-editor\" data-id=\"f93b9ef\" data-element_type=\"widget\" data-widget_type=\"text-editor.default\">\n\t\t\t\t\t\t\t\t\t<p>Het NSF-logo geeft aan dat het product is getest en veilig bevonden voor gebruik met voedsel, water of andere gevoelige materialen.<\/p>\t\t\t\t\t\t\t\t<\/div>\n\t\t\t\t<\/a>\n\t\t\t\t\t\t\t\t<\/div>\n\t\t\t\t\t\t\t\t\t\t\t<div class=\"swiper-slide\" data-slide=\"2\" role=\"group\" aria-roledescription=\"slide\" aria-label=\"2 van 6\">\n\t\t\t\t\t\t\t<a class=\"elementor-element elementor-element-a97f8fd e-con-full e-flex e-con e-child\" data-id=\"a97f8fd\" data-element_type=\"container\" href=\"https:\/\/prolan-care.com\/index.php\/certificaat-energex\/\">\n\t\t\t\t<div class=\"elementor-element elementor-element-0f1e7eb elementor-widget elementor-widget-image\" data-id=\"0f1e7eb\" data-element_type=\"widget\" data-widget_type=\"image.default\">\n\t\t\t\t\t\t\t\t\t\t\t\t\t\t\t<img decoding=\"async\" width=\"100\" height=\"100\" src=\"https:\/\/prolan-care.com\/wp-content\/uploads\/2025\/10\/certificaat-energex-100x100-1.jpg\" class=\"attachment-full size-full wp-image-151\" alt=\"\" \/>\t\t\t\t\t\t\t\t\t\t\t\t\t\t\t<\/div>\n\t\t\t\t<div class=\"elementor-element elementor-element-7fab5bb elementor-widget elementor-widget-text-editor\" data-id=\"7fab5bb\" data-element_type=\"widget\" data-widget_type=\"text-editor.default\">\n\t\t\t\t\t\t\t\t\t<p>De Energex-certificering van Prolan op basis van zijn isolerende waarden bevestigt de prestaties van het product op hoogspanningsisolatie<\/p>\t\t\t\t\t\t\t\t<\/div>\n\t\t\t\t<\/a>\n\t\t\t\t\t\t\t\t<\/div>\n\t\t\t\t\t\t\t\t\t\t\t<div class=\"swiper-slide\" data-slide=\"3\" role=\"group\" aria-roledescription=\"slide\" aria-label=\"3 van 6\">\n\t\t\t\t\t\t\t<a class=\"elementor-element elementor-element-5a31da5 e-con-full e-flex e-con e-child\" data-id=\"5a31da5\" data-element_type=\"container\" href=\"https:\/\/prolan-care.com\/index.php\/certificaat-eurofins\/\">\n\t\t\t\t<div class=\"elementor-element elementor-element-cab0d9d elementor-widget elementor-widget-image\" data-id=\"cab0d9d\" data-element_type=\"widget\" data-widget_type=\"image.default\">\n\t\t\t\t\t\t\t\t\t\t\t\t\t\t\t<img decoding=\"async\" width=\"100\" height=\"100\" src=\"https:\/\/prolan-care.com\/wp-content\/uploads\/2025\/10\/certificaat-eurofins-100x100-1.jpg\" class=\"attachment-full size-full wp-image-152\" alt=\"\" \/>\t\t\t\t\t\t\t\t\t\t\t\t\t\t\t<\/div>\n\t\t\t\t<div class=\"elementor-element elementor-element-2474a36 elementor-widget elementor-widget-text-editor\" data-id=\"2474a36\" data-element_type=\"widget\" data-widget_type=\"text-editor.default\">\n\t\t\t\t\t\t\t\t\t<p>Het Eurofins certificaat geeft aan dat de Prolan producten zijn getest en gecertificeerd door Eurofins. ProLan verteld u er alles over<\/p>\t\t\t\t\t\t\t\t<\/div>\n\t\t\t\t<\/a>\n\t\t\t\t\t\t\t\t<\/div>\n\t\t\t\t\t\t\t\t\t\t\t<div class=\"swiper-slide\" data-slide=\"4\" role=\"group\" aria-roledescription=\"slide\" aria-label=\"4 van 6\">\n\t\t\t\t\t\t\t<a class=\"elementor-element elementor-element-9b418ce e-con-full e-flex e-con e-child\" data-id=\"9b418ce\" data-element_type=\"container\" href=\"https:\/\/prolan-care.com\/index.php\/certificaat-fda\/\">\n\t\t\t\t<div class=\"elementor-element elementor-element-6c5c27a elementor-widget elementor-widget-image\" data-id=\"6c5c27a\" data-element_type=\"widget\" data-widget_type=\"image.default\">\n\t\t\t\t\t\t\t\t\t\t\t\t\t\t\t<img loading=\"lazy\" decoding=\"async\" width=\"100\" height=\"100\" src=\"https:\/\/prolan-care.com\/wp-content\/uploads\/2025\/10\/certificaat-fda-100x100-1.jpg\" class=\"attachment-full size-full wp-image-153\" alt=\"\" \/>\t\t\t\t\t\t\t\t\t\t\t\t\t\t\t<\/div>\n\t\t\t\t<div class=\"elementor-element elementor-element-b240748 elementor-widget elementor-widget-text-editor\" data-id=\"b240748\" data-element_type=\"widget\" data-widget_type=\"text-editor.default\">\n\t\t\t\t\t\t\t\t\t<p>Prolan producten zijn gecertificeerd volgens de NSF. Dit betekent dat ze geschikt zijn voor contact met voedsel in voedselverwerkingsgebieden<\/p>\t\t\t\t\t\t\t\t<\/div>\n\t\t\t\t<\/a>\n\t\t\t\t\t\t\t\t<\/div>\n\t\t\t\t\t\t\t\t\t\t\t<div class=\"swiper-slide\" data-slide=\"5\" role=\"group\" aria-roledescription=\"slide\" aria-label=\"5 van 6\">\n\t\t\t\t\t\t\t<a class=\"elementor-element elementor-element-a85802e e-con-full e-flex e-con e-child\" data-id=\"a85802e\" data-element_type=\"container\" href=\"https:\/\/prolan-care.com\/index.php\/certificaat-green-marine\/\">\n\t\t\t\t<div class=\"elementor-element elementor-element-cfb731a elementor-widget elementor-widget-image\" data-id=\"cfb731a\" data-element_type=\"widget\" data-widget_type=\"image.default\">\n\t\t\t\t\t\t\t\t\t\t\t\t\t\t\t<img loading=\"lazy\" decoding=\"async\" width=\"100\" height=\"100\" src=\"https:\/\/prolan-care.com\/wp-content\/uploads\/2025\/10\/certificaat-green-marine-1-100x100-1.jpeg\" class=\"attachment-full size-full wp-image-154\" alt=\"\" \/>\t\t\t\t\t\t\t\t\t\t\t\t\t\t\t<\/div>\n\t\t\t\t<div class=\"elementor-element elementor-element-4f7f325 elementor-widget elementor-widget-text-editor\" data-id=\"4f7f325\" data-element_type=\"widget\" data-widget_type=\"text-editor.default\">\n\t\t\t\t\t\t\t\t\t<p>Door samen te werken met Green Marine, helpt Prolan maritiemebedrijven om hun milieu-impact te verminderen, Ontdek er meer over.<\/p>\t\t\t\t\t\t\t\t<\/div>\n\t\t\t\t<\/a>\n\t\t\t\t\t\t\t\t<\/div>\n\t\t\t\t\t\t\t\t\t\t\t<div class=\"swiper-slide\" data-slide=\"6\" role=\"group\" aria-roledescription=\"slide\" aria-label=\"6 van 6\">\n\t\t\t\t\t\t\t<a class=\"elementor-element elementor-element-cfebfe9 e-con-full e-flex e-con e-child\" data-id=\"cfebfe9\" data-element_type=\"container\" href=\"https:\/\/prolan-care.com\/index.php\/certificaat-nsf\">\n\t\t\t\t<div class=\"elementor-element elementor-element-09c4111 elementor-widget elementor-widget-image\" data-id=\"09c4111\" data-element_type=\"widget\" data-widget_type=\"image.default\">\n\t\t\t\t\t\t\t\t\t\t\t\t\t\t\t<img loading=\"lazy\" decoding=\"async\" width=\"100\" height=\"100\" src=\"https:\/\/prolan-care.com\/wp-content\/uploads\/2025\/10\/certificaat-nsf-100x100-1.jpg\" class=\"attachment-full size-full wp-image-155\" alt=\"\" \/>\t\t\t\t\t\t\t\t\t\t\t\t\t\t\t<\/div>\n\t\t\t\t<div class=\"elementor-element elementor-element-ea52885 elementor-widget elementor-widget-text-editor\" data-id=\"ea52885\" data-element_type=\"widget\" data-widget_type=\"text-editor.default\">\n\t\t\t\t\t\t\t\t\t<p>Het NSF-logo geeft aan dat het product is getest en veilig bevonden voor gebruik met voedsel, water of andere gevoelige materialen.<\/p>\t\t\t\t\t\t\t\t<\/div>\n\t\t\t\t<\/a>\n\t\t\t\t\t\t\t\t<\/div>\n\t\t\t\t\t\t\t\t<\/div>\n\t\t<\/div>\n\t\t\t\t\t<div class=\"elementor-swiper-button elementor-swiper-button-prev\" role=\"button\" tabindex=\"0\" aria-label=\"Vorige\">\n\t\t\t\t<svg aria-hidden=\"true\" class=\"e-font-icon-svg e-eicon-chevron-left\" viewBox=\"0 0 1000 1000\" xmlns=\"http:\/\/www.w3.org\/2000\/svg\"><path d=\"M646 125C629 125 613 133 604 142L308 442C296 454 292 471 292 487 292 504 296 521 308 533L604 854C617 867 629 875 646 875 663 875 679 871 692 858 704 846 713 829 713 812 713 796 708 779 692 767L438 487 692 225C700 217 708 204 708 187 708 171 704 154 692 142 675 129 663 125 646 125Z\"><\/path><\/svg>\t\t\t<\/div>\n\t\t\t<div class=\"elementor-swiper-button elementor-swiper-button-next\" role=\"button\" tabindex=\"0\" aria-label=\"Volgende\">\n\t\t\t\t<svg aria-hidden=\"true\" class=\"e-font-icon-svg e-eicon-chevron-right\" viewBox=\"0 0 1000 1000\" xmlns=\"http:\/\/www.w3.org\/2000\/svg\"><path d=\"M696 533C708 521 713 504 713 487 713 471 708 454 696 446L400 146C388 133 375 125 354 125 338 125 325 129 313 142 300 154 292 171 292 187 292 204 296 221 308 233L563 492 304 771C292 783 288 800 288 817 288 833 296 850 308 863 321 871 338 875 354 875 371 875 388 867 400 854L696 533Z\"><\/path><\/svg>\t\t\t<\/div>\n\t\t\t\t\t<div class=\"swiper-pagination\"><\/div>\n\t\t\t\t\t\t<\/div>\n\t\t\t\t\t<\/div>\n\t\t\t\t<\/div>\n\t\t<div class=\"elementor-element elementor-element-0bafe22 e-con-full e-flex e-con e-parent\" data-id=\"0bafe22\" data-element_type=\"container\">\n\t\t\t\t<div class=\"elementor-element elementor-element-0b54fd6 elementor-widget-divider--view-line elementor-widget elementor-widget-divider\" data-id=\"0b54fd6\" data-element_type=\"widget\" data-widget_type=\"divider.default\">\n\t\t\t\t\t\t\t<div class=\"elementor-divider\">\n\t\t\t<span class=\"elementor-divider-separator\">\n\t\t\t\t\t\t<\/span>\n\t\t<\/div>\n\t\t\t\t\t\t<\/div>\n\t\t\t\t<div class=\"elementor-element elementor-element-d05957a elementor-widget elementor-widget-heading\" data-id=\"d05957a\" data-element_type=\"widget\" data-widget_type=\"heading.default\">\n\t\t\t\t\t<h2 class=\"elementor-heading-title elementor-size-default\">FDA<\/h2>\t\t\t\t<\/div>\n\t\t\t\t<\/div>\n\t\t<div class=\"elementor-element elementor-element-9b669cf e-flex e-con-boxed e-con e-parent\" data-id=\"9b669cf\" data-element_type=\"container\">\n\t\t\t\t\t<div class=\"e-con-inner\">\n\t\t<div class=\"elementor-element elementor-element-23ab0c3 e-con-full e-flex e-con e-child\" data-id=\"23ab0c3\" data-element_type=\"container\">\n\t\t\t\t<div class=\"elementor-element elementor-element-59e711c elementor-widget elementor-widget-image\" data-id=\"59e711c\" data-element_type=\"widget\" data-widget_type=\"image.default\">\n\t\t\t\t\t\t\t\t\t\t\t\t\t\t\t<img loading=\"lazy\" decoding=\"async\" width=\"400\" height=\"400\" src=\"https:\/\/prolan-care.com\/wp-content\/uploads\/2025\/10\/certificaat-fda.jpg\" class=\"attachment-large size-large wp-image-269\" alt=\"\" srcset=\"https:\/\/prolan-care.com\/wp-content\/uploads\/2025\/10\/certificaat-fda.jpg 400w, https:\/\/prolan-care.com\/wp-content\/uploads\/2025\/10\/certificaat-fda-300x300.jpg 300w, https:\/\/prolan-care.com\/wp-content\/uploads\/2025\/10\/certificaat-fda-150x150.jpg 150w, https:\/\/prolan-care.com\/wp-content\/uploads\/2025\/10\/certificaat-fda-100x100.jpg 100w\" sizes=\"(max-width: 400px) 100vw, 400px\" \/>\t\t\t\t\t\t\t\t\t\t\t\t\t\t\t<\/div>\n\t\t\t\t<div class=\"elementor-element elementor-element-0b71a0e elementor-widget elementor-widget-text-editor\" data-id=\"0b71a0e\" data-element_type=\"widget\" data-widget_type=\"text-editor.default\">\n\t\t\t\t\t\t\t\t\t<p><strong>Prolan Food Grade Lubricants: Allergenen Verklaring<\/strong><\/p><p><strong>NSF H1-certificering:<\/strong><\/p><ul><li><strong>Certificering<\/strong>: Prolan producten zijn gecertificeerd volgens de NSF H1-standaard. Dit betekent dat ze geschikt zijn voor incidenteel contact met voedsel in en rond voedselverwerkingsgebieden. De NSF (National Sanitation Foundation) beoordeelt en certificeert producten die voldoen aan strikte voedselveiligheidsnormen.<\/li><li><strong>NSF White Book<\/strong>: De producten van Prolan staan vermeld in het NSF White Book, een online database die toegankelijk is via <a href=\"http:\/\/www.nsfwhitebook.org\">www.nsfwhitebook.org<\/a>. Dit bevestigt de actuele certificering en goedkeuring van de producten.<\/li><\/ul><p><strong>Regelgevingsconformiteit:<\/strong><\/p><ul><li><strong>FDA 21 CFR<\/strong>: Prolan voldoet aan de voorschriften van de Amerikaanse Food and Drug Administration (FDA) zoals beschreven in 21 CFR (Code of Federal Regulations). Dit omvat naleving van regels met betrekking tot gebruik, ingredi\u00ebnten en etikettering van producten die mogelijk in contact komen met voedsel.<\/li><\/ul><p>Vrij van Voedselgerelateerde Allergenen: Prolan Food Grade Lubricant Allergen Statement<\/p><p>Prolan food-grade smeermiddelen zijn ontworpen om veilig te zijn voor incidenteel contact met voedsel en voldoen aan strikte wettelijke normen. Om de veiligheid te garanderen en allergenenproblemen aan te pakken, bevestigt Prolan dat zijn producten vrij zijn van een breed scala aan potenti\u00eble voedselallergenen en ingredi\u00ebnten. Hier is een gedetailleerde verklaring over de allergenen en ingredi\u00ebnten die zijn uitgesloten van Prolan-producten:<\/p><p>\u00a0<\/p>\t\t\t\t\t\t\t\t<\/div>\n\t\t\t\t<\/div>\n\t\t<div class=\"elementor-element elementor-element-fe402b5 e-con-full e-flex e-con e-child\" data-id=\"fe402b5\" data-element_type=\"container\">\n\t\t\t\t<div class=\"elementor-element elementor-element-d42ac04 elementor-widget elementor-widget-text-editor\" data-id=\"d42ac04\" data-element_type=\"widget\" data-widget_type=\"text-editor.default\">\n\t\t\t\t\t\t\t\t\t<p>Allergeenvrije verklaring<\/p><p>De producten van Prolan bevatten geen ingredi\u00ebnten die verband houden met de volgende voedselallergenen:<\/p><ol><li>Glutenbevattende granen:<ul><li>Tarwe (inclusief spelt en Khorasan tarwe)<\/li><li>Rogge<\/li><li>Gers<\/li><li>Haver<\/li><\/ul><\/li><li>Schaaldieren<ul><li>Krab<\/li><li>Garnalen<\/li><li>Kreeften<\/li><li>Oester<\/li><\/ul><\/li><li>Eieren: Geen ingredi\u00ebnten afkomstig van eieren.<\/li><li>Vis: Geen ingredi\u00ebnten op basis van vis.<\/li><li>Pinda&#8217;s: Geen pinda-derivaten.<\/li><li>Melk: Geen melk of zuivelingredi\u00ebnten.<\/li><li>Noten:<ul><li>Amandelen**<\/li><li>Hazelnoten**<\/li><li>Walnoten**<\/li><li>Cashewnoten**<\/li><li>Pecannoten **<\/li><li>Paranoten**<\/li><li>Pistache Noten<\/li><li>Macadamia\/Queensland Noten<\/li><\/ul><\/li><li>Selderij: Geen ingredi\u00ebnten afkomstig van selderij.<\/li><li>Mosterd: Geen ingredi\u00ebnten op basis van mosterd.<\/li><li>Sesamzaad: Geen sesamzaadbestanddelen.<\/li><li>Zwaveldioxide en sulfieten: Geen zwaveldioxide of sulfieten.<\/li><li>Lupine: Geen ingredi\u00ebnten van lupine.<\/li><li>Weekdieren:<ul><li>Mosselen<\/li><li>Oesters<\/li><li>Inktvis<\/li><li>Slakken<\/li><\/ul><\/li><\/ol><p>Milieu- en veiligheidsoverwegingen<\/p><p>Prolan-producten zijn ontworpen met het oog op verantwoordelijkheid voor het milieu.<\/p><p>De smeermiddelen zijn biologisch afbreekbaar, waardoor ze minder impact hebben op het milieu.<\/p><p>Deze allergeenvrije garantie helpt bij het minimaliseren van het risico op allergeenbesmetting in voedselverwerkende omgevingen, in overeenstemming met de veiligheids- en regelgevingsvereisten voor smeermiddelen van voedingskwaliteit.<\/p>\t\t\t\t\t\t\t\t<\/div>\n\t\t\t\t<\/div>\n\t\t\t\t\t<\/div>\n\t\t\t\t<\/div>\n\t\t\t\t<\/div>\n\t\t","protected":false},"excerpt":{"rendered":"<p>Onze Certificaten Het NSF-logo geeft aan dat het product is getest en veilig bevonden voor gebruik met voedsel, water of andere gevoelige materialen. De Energex-certificering van Prolan op basis van zijn isolerende waarden bevestigt de prestaties van het product op hoogspanningsisolatie Het Eurofins certificaat geeft aan dat de Prolan producten zijn getest en gecertificeerd door [&hellip;]<\/p>\n","protected":false},"author":1,"featured_media":0,"parent":0,"menu_order":0,"comment_status":"closed","ping_status":"closed","template":"","meta":{"footnotes":""},"class_list":["post-267","page","type-page","status-publish","hentry"],"yoast_head":"<!-- This site is optimized with the Yoast SEO plugin v26.5 - https:\/\/yoast.com\/wordpress\/plugins\/seo\/ -->\n<title>Certificaat FDA - Prolan-care<\/title>\n<meta name=\"robots\" content=\"index, follow, max-snippet:-1, max-image-preview:large, max-video-preview:-1\" \/>\n<link rel=\"canonical\" href=\"https:\/\/prolan-care.com\/index.php\/certificaat-fda\/\" \/>\n<meta property=\"og:locale\" content=\"nl_NL\" \/>\n<meta property=\"og:type\" content=\"article\" \/>\n<meta property=\"og:title\" content=\"Certificaat FDA - Prolan-care\" \/>\n<meta property=\"og:description\" content=\"Onze Certificaten Het NSF-logo geeft aan dat het product is getest en veilig bevonden voor gebruik met voedsel, water of andere gevoelige materialen. De Energex-certificering van Prolan op basis van zijn isolerende waarden bevestigt de prestaties van het product op hoogspanningsisolatie Het Eurofins certificaat geeft aan dat de Prolan producten zijn getest en gecertificeerd door [&hellip;]\" \/>\n<meta property=\"og:url\" content=\"https:\/\/prolan-care.com\/index.php\/certificaat-fda\/\" \/>\n<meta property=\"og:site_name\" content=\"Prolan-care\" \/>\n<meta property=\"article:modified_time\" content=\"2025-10-27T20:51:31+00:00\" \/>\n<meta property=\"og:image\" content=\"https:\/\/prolan-care.com\/wp-content\/uploads\/2025\/10\/certificaat-bfsv-100x100-1.jpg\" \/>\n\t<meta property=\"og:image:width\" content=\"100\" \/>\n\t<meta property=\"og:image:height\" content=\"100\" \/>\n\t<meta property=\"og:image:type\" content=\"image\/jpeg\" \/>\n<meta name=\"twitter:card\" content=\"summary_large_image\" \/>\n<meta name=\"twitter:label1\" content=\"Geschatte leestijd\" \/>\n\t<meta name=\"twitter:data1\" content=\"3 minuten\" \/>\n<script type=\"application\/ld+json\" class=\"yoast-schema-graph\">{\"@context\":\"https:\/\/schema.org\",\"@graph\":[{\"@type\":\"WebPage\",\"@id\":\"https:\/\/prolan-care.com\/index.php\/certificaat-fda\/\",\"url\":\"https:\/\/prolan-care.com\/index.php\/certificaat-fda\/\",\"name\":\"Certificaat FDA - Prolan-care\",\"isPartOf\":{\"@id\":\"https:\/\/prolan-care.com\/#website\"},\"primaryImageOfPage\":{\"@id\":\"https:\/\/prolan-care.com\/index.php\/certificaat-fda\/#primaryimage\"},\"image\":{\"@id\":\"https:\/\/prolan-care.com\/index.php\/certificaat-fda\/#primaryimage\"},\"thumbnailUrl\":\"https:\/\/prolan-care.com\/wp-content\/uploads\/2025\/10\/certificaat-bfsv-100x100-1.jpg\",\"datePublished\":\"2025-10-27T20:05:20+00:00\",\"dateModified\":\"2025-10-27T20:51:31+00:00\",\"breadcrumb\":{\"@id\":\"https:\/\/prolan-care.com\/index.php\/certificaat-fda\/#breadcrumb\"},\"inLanguage\":\"nl-NL\",\"potentialAction\":[{\"@type\":\"ReadAction\",\"target\":[\"https:\/\/prolan-care.com\/index.php\/certificaat-fda\/\"]}]},{\"@type\":\"ImageObject\",\"inLanguage\":\"nl-NL\",\"@id\":\"https:\/\/prolan-care.com\/index.php\/certificaat-fda\/#primaryimage\",\"url\":\"https:\/\/prolan-care.com\/wp-content\/uploads\/2025\/10\/certificaat-bfsv-100x100-1.jpg\",\"contentUrl\":\"https:\/\/prolan-care.com\/wp-content\/uploads\/2025\/10\/certificaat-bfsv-100x100-1.jpg\",\"width\":100,\"height\":100},{\"@type\":\"BreadcrumbList\",\"@id\":\"https:\/\/prolan-care.com\/index.php\/certificaat-fda\/#breadcrumb\",\"itemListElement\":[{\"@type\":\"ListItem\",\"position\":1,\"name\":\"Home\",\"item\":\"https:\/\/prolan-care.com\/\"},{\"@type\":\"ListItem\",\"position\":2,\"name\":\"Certificaat FDA\"}]},{\"@type\":\"WebSite\",\"@id\":\"https:\/\/prolan-care.com\/#website\",\"url\":\"https:\/\/prolan-care.com\/\",\"name\":\"Prolan-care\",\"description\":\"\",\"potentialAction\":[{\"@type\":\"SearchAction\",\"target\":{\"@type\":\"EntryPoint\",\"urlTemplate\":\"https:\/\/prolan-care.com\/?s={search_term_string}\"},\"query-input\":{\"@type\":\"PropertyValueSpecification\",\"valueRequired\":true,\"valueName\":\"search_term_string\"}}],\"inLanguage\":\"nl-NL\"}]}<\/script>\n<!-- \/ Yoast SEO plugin. -->","yoast_head_json":{"title":"Certificaat FDA - Prolan-care","robots":{"index":"index","follow":"follow","max-snippet":"max-snippet:-1","max-image-preview":"max-image-preview:large","max-video-preview":"max-video-preview:-1"},"canonical":"https:\/\/prolan-care.com\/index.php\/certificaat-fda\/","og_locale":"nl_NL","og_type":"article","og_title":"Certificaat FDA - Prolan-care","og_description":"Onze Certificaten Het NSF-logo geeft aan dat het product is getest en veilig bevonden voor gebruik met voedsel, water of andere gevoelige materialen. De Energex-certificering van Prolan op basis van zijn isolerende waarden bevestigt de prestaties van het product op hoogspanningsisolatie Het Eurofins certificaat geeft aan dat de Prolan producten zijn getest en gecertificeerd door [&hellip;]","og_url":"https:\/\/prolan-care.com\/index.php\/certificaat-fda\/","og_site_name":"Prolan-care","article_modified_time":"2025-10-27T20:51:31+00:00","og_image":[{"width":100,"height":100,"url":"https:\/\/prolan-care.com\/wp-content\/uploads\/2025\/10\/certificaat-bfsv-100x100-1.jpg","type":"image\/jpeg"}],"twitter_card":"summary_large_image","twitter_misc":{"Geschatte leestijd":"3 minuten"},"schema":{"@context":"https:\/\/schema.org","@graph":[{"@type":"WebPage","@id":"https:\/\/prolan-care.com\/index.php\/certificaat-fda\/","url":"https:\/\/prolan-care.com\/index.php\/certificaat-fda\/","name":"Certificaat FDA - Prolan-care","isPartOf":{"@id":"https:\/\/prolan-care.com\/#website"},"primaryImageOfPage":{"@id":"https:\/\/prolan-care.com\/index.php\/certificaat-fda\/#primaryimage"},"image":{"@id":"https:\/\/prolan-care.com\/index.php\/certificaat-fda\/#primaryimage"},"thumbnailUrl":"https:\/\/prolan-care.com\/wp-content\/uploads\/2025\/10\/certificaat-bfsv-100x100-1.jpg","datePublished":"2025-10-27T20:05:20+00:00","dateModified":"2025-10-27T20:51:31+00:00","breadcrumb":{"@id":"https:\/\/prolan-care.com\/index.php\/certificaat-fda\/#breadcrumb"},"inLanguage":"nl-NL","potentialAction":[{"@type":"ReadAction","target":["https:\/\/prolan-care.com\/index.php\/certificaat-fda\/"]}]},{"@type":"ImageObject","inLanguage":"nl-NL","@id":"https:\/\/prolan-care.com\/index.php\/certificaat-fda\/#primaryimage","url":"https:\/\/prolan-care.com\/wp-content\/uploads\/2025\/10\/certificaat-bfsv-100x100-1.jpg","contentUrl":"https:\/\/prolan-care.com\/wp-content\/uploads\/2025\/10\/certificaat-bfsv-100x100-1.jpg","width":100,"height":100},{"@type":"BreadcrumbList","@id":"https:\/\/prolan-care.com\/index.php\/certificaat-fda\/#breadcrumb","itemListElement":[{"@type":"ListItem","position":1,"name":"Home","item":"https:\/\/prolan-care.com\/"},{"@type":"ListItem","position":2,"name":"Certificaat FDA"}]},{"@type":"WebSite","@id":"https:\/\/prolan-care.com\/#website","url":"https:\/\/prolan-care.com\/","name":"Prolan-care","description":"","potentialAction":[{"@type":"SearchAction","target":{"@type":"EntryPoint","urlTemplate":"https:\/\/prolan-care.com\/?s={search_term_string}"},"query-input":{"@type":"PropertyValueSpecification","valueRequired":true,"valueName":"search_term_string"}}],"inLanguage":"nl-NL"}]}},"_links":{"self":[{"href":"https:\/\/prolan-care.com\/index.php\/wp-json\/wp\/v2\/pages\/267","targetHints":{"allow":["GET"]}}],"collection":[{"href":"https:\/\/prolan-care.com\/index.php\/wp-json\/wp\/v2\/pages"}],"about":[{"href":"https:\/\/prolan-care.com\/index.php\/wp-json\/wp\/v2\/types\/page"}],"author":[{"embeddable":true,"href":"https:\/\/prolan-care.com\/index.php\/wp-json\/wp\/v2\/users\/1"}],"replies":[{"embeddable":true,"href":"https:\/\/prolan-care.com\/index.php\/wp-json\/wp\/v2\/comments?post=267"}],"version-history":[{"count":10,"href":"https:\/\/prolan-care.com\/index.php\/wp-json\/wp\/v2\/pages\/267\/revisions"}],"predecessor-version":[{"id":321,"href":"https:\/\/prolan-care.com\/index.php\/wp-json\/wp\/v2\/pages\/267\/revisions\/321"}],"wp:attachment":[{"href":"https:\/\/prolan-care.com\/index.php\/wp-json\/wp\/v2\/media?parent=267"}],"curies":[{"name":"wp","href":"https:\/\/api.w.org\/{rel}","templated":true}]}}